{"id":1970,"date":"2022-05-23T22:51:17","date_gmt":"2022-05-23T22:51:17","guid":{"rendered":"https:\/\/pruebaagenciamarketing.com\/demo7\/?page_id=1970"},"modified":"2023-04-18T16:13:13","modified_gmt":"2023-04-18T16:13:13","slug":"sistemas-de-packers-fabricados","status":"publish","type":"page","link":"https:\/\/packers.cl\/index.php\/sistemas-de-packers-fabricados\/","title":{"rendered":"sistemas-de-packers-fabricados"},"content":{"rendered":"\t\t<div data-elementor-type=\"wp-page\" data-elementor-id=\"1970\" class=\"elementor elementor-1970\" data-elementor-post-type=\"page\">\n\t\t\t\t\t\t<section class=\"elementor-section elementor-top-section elementor-element elementor-element-aee8a18 elementor-section-boxed elementor-section-height-default elementor-section-height-default\" data-id=\"aee8a18\" data-element_type=\"section\" data-e-type=\"section\">\n\t\t\t\t\t\t<div class=\"elementor-container elementor-column-gap-default\">\n\t\t\t\t\t<div class=\"elementor-column elementor-col-66 elementor-top-column elementor-element elementor-element-aa96e73 elementor-invisible\" data-id=\"aa96e73\" data-element_type=\"column\" data-e-type=\"column\" data-settings=\"{&quot;animation&quot;:&quot;bounceIn&quot;}\">\n\t\t\t<div class=\"elementor-widget-wrap elementor-element-populated\">\n\t\t\t\t\t\t<div class=\"elementor-element elementor-element-6cd855f elementor-widget elementor-widget-heading\" data-id=\"6cd855f\" data-element_type=\"widget\" data-e-type=\"widget\" data-widget_type=\"heading.default\">\n\t\t\t\t<div class=\"elementor-widget-container\">\n\t\t\t\t\t<h2 class=\"elementor-heading-title elementor-size-default\">Sistemas de packers fabricados <\/h2>\t\t\t\t<\/div>\n\t\t\t\t<\/div>\n\t\t\t\t<div class=\"elementor-element elementor-element-3e214e7 elementor-widget elementor-widget-text-editor\" data-id=\"3e214e7\" data-element_type=\"widget\" data-e-type=\"widget\" data-widget_type=\"text-editor.default\">\n\t\t\t\t<div class=\"elementor-widget-container\">\n\t\t\t\t\t\t\t\t\t<p>Adem\u00e1s de las herramientas de packers hidr\u00e1ulicas de altas prestaciones fabricadas por nuestra matriz en Australia, ver (<a href=\"http:\/\/www.ipipackers.com\">www.ipipackers.com<\/a>), IPI Latin America distribuye sistemas de packers fabricados a base de rollos de caucho reforzado tipo \u201dBimbar\u201d para <u>usos de inyecci\u00f3n de lechada<\/u> de cementas o resinas, <u>ensayos de permeabilidad de roca,<\/u> tapones o toma de muestras. Contamos con <strong>almac\u00e9n en Santiago con un cierto nivel de inventario de los equipos de mayor rotaci\u00f3n en el mercado para entrega inmediata.<\/strong><\/p><p>\u00a0<\/p><p>Se disponen de nueve di\u00e1metros est\u00e1ndar de estos packers, entre 28 y 170mm, cuya expansi\u00f3n y presiones de trabajo son:<\/p>\t\t\t\t\t\t\t\t<\/div>\n\t\t\t\t<\/div>\n\t\t\t\t<div class=\"elementor-element elementor-element-0a5b3e4 elementor-widget elementor-widget-image\" data-id=\"0a5b3e4\" data-element_type=\"widget\" data-e-type=\"widget\" data-widget_type=\"image.default\">\n\t\t\t\t<div class=\"elementor-widget-container\">\n\t\t\t\t\t\t\t\t\t\t\t\t\t\t\t<img fetchpriority=\"high\" decoding=\"async\" width=\"800\" height=\"375\" src=\"https:\/\/packers.cl\/wp-content\/uploads\/2023\/04\/a1-1024x480.jpg\" class=\"attachment-large size-large wp-image-2270\" alt=\"\" srcset=\"https:\/\/packers.cl\/wp-content\/uploads\/2023\/04\/a1-1024x480.jpg 1024w, https:\/\/packers.cl\/wp-content\/uploads\/2023\/04\/a1-300x141.jpg 300w, https:\/\/packers.cl\/wp-content\/uploads\/2023\/04\/a1-768x360.jpg 768w, https:\/\/packers.cl\/wp-content\/uploads\/2023\/04\/a1.jpg 1028w\" sizes=\"(max-width: 800px) 100vw, 800px\" \/>\t\t\t\t\t\t\t\t\t\t\t\t\t\t\t<\/div>\n\t\t\t\t<\/div>\n\t\t\t\t<div class=\"elementor-element elementor-element-f22799e elementor-widget elementor-widget-image\" data-id=\"f22799e\" data-element_type=\"widget\" data-e-type=\"widget\" data-widget_type=\"image.default\">\n\t\t\t\t<div class=\"elementor-widget-container\">\n\t\t\t\t\t\t\t\t\t\t\t\t\t\t\t<img decoding=\"async\" width=\"719\" height=\"597\" src=\"https:\/\/packers.cl\/wp-content\/uploads\/2023\/04\/a2.jpg\" class=\"attachment-large size-large wp-image-2271\" alt=\"\" srcset=\"https:\/\/packers.cl\/wp-content\/uploads\/2023\/04\/a2.jpg 719w, https:\/\/packers.cl\/wp-content\/uploads\/2023\/04\/a2-300x249.jpg 300w\" sizes=\"(max-width: 719px) 100vw, 719px\" \/>\t\t\t\t\t\t\t\t\t\t\t\t\t\t\t<\/div>\n\t\t\t\t<\/div>\n\t\t\t\t<div class=\"elementor-element elementor-element-9f91eee elementor-widget elementor-widget-text-editor\" data-id=\"9f91eee\" data-element_type=\"widget\" data-e-type=\"widget\" data-widget_type=\"text-editor.default\">\n\t\t\t\t<div class=\"elementor-widget-container\">\n\t\t\t\t\t\t\t\t\t<p>Tambi\u00e9n se disponen de versiones reforzadas de esta tipolog\u00eda de packers a base de rollos con mayores prestaciones de presi\u00f3n, para casos que requieran exigencias algo mayores.<\/p><p>Para exigencias muy elevadas tanto de presi\u00f3n y durabilidad o tecnolog\u00edas avanzadas, se aconseja optar por los sistemas hidr\u00e1ulicos que nuestra empresa matriz fabrica en Australia (www.ipipackers.com), y que nosotros distribuimos en exclusiva en Am\u00e9rica Latina.<\/p>\t\t\t\t\t\t\t\t<\/div>\n\t\t\t\t<\/div>\n\t\t\t\t\t<\/div>\n\t\t<\/div>\n\t\t\t\t<div class=\"elementor-column elementor-col-33 elementor-top-column elementor-element elementor-element-e75be6e\" data-id=\"e75be6e\" data-element_type=\"column\" data-e-type=\"column\">\n\t\t\t<div class=\"elementor-widget-wrap elementor-element-populated\">\n\t\t\t\t\t\t<div class=\"elementor-element elementor-element-abac975 elementor-arrows-position-inside elementor-pagination-position-outside elementor-widget elementor-widget-image-carousel\" data-id=\"abac975\" data-element_type=\"widget\" data-e-type=\"widget\" data-settings=\"{&quot;slides_to_show&quot;:&quot;1&quot;,&quot;navigation&quot;:&quot;both&quot;,&quot;autoplay&quot;:&quot;yes&quot;,&quot;pause_on_hover&quot;:&quot;yes&quot;,&quot;pause_on_interaction&quot;:&quot;yes&quot;,&quot;autoplay_speed&quot;:5000,&quot;infinite&quot;:&quot;yes&quot;,&quot;effect&quot;:&quot;slide&quot;,&quot;speed&quot;:500}\" data-widget_type=\"image-carousel.default\">\n\t\t\t\t<div class=\"elementor-widget-container\">\n\t\t\t\t\t\t\t<div class=\"elementor-image-carousel-wrapper swiper\" role=\"region\" aria-roledescription=\"carousel\" aria-label=\"Carrusel de im\u00e1genes\" dir=\"ltr\">\n\t\t\t<div class=\"elementor-image-carousel swiper-wrapper\" aria-live=\"off\">\n\t\t\t\t\t\t\t\t<div class=\"swiper-slide\" role=\"group\" aria-roledescription=\"slide\" aria-label=\"1 de 4\"><figure class=\"swiper-slide-inner\"><img decoding=\"async\" class=\"swiper-slide-image\" src=\"https:\/\/packers.cl\/wp-content\/uploads\/2021\/02\/1-1-scaled.jpg\" alt=\"1\" \/><\/figure><\/div><div class=\"swiper-slide\" role=\"group\" aria-roledescription=\"slide\" aria-label=\"2 de 4\"><figure class=\"swiper-slide-inner\"><img decoding=\"async\" class=\"swiper-slide-image\" src=\"https:\/\/packers.cl\/wp-content\/uploads\/2021\/02\/2-1-scaled.jpg\" alt=\"2\" \/><\/figure><\/div><div class=\"swiper-slide\" role=\"group\" aria-roledescription=\"slide\" aria-label=\"3 de 4\"><figure class=\"swiper-slide-inner\"><img decoding=\"async\" class=\"swiper-slide-image\" src=\"https:\/\/packers.cl\/wp-content\/uploads\/2021\/02\/4-1-scaled.jpg\" alt=\"4\" \/><\/figure><\/div><div class=\"swiper-slide\" role=\"group\" aria-roledescription=\"slide\" aria-label=\"4 de 4\"><figure class=\"swiper-slide-inner\"><img decoding=\"async\" class=\"swiper-slide-image\" src=\"https:\/\/packers.cl\/wp-content\/uploads\/2021\/02\/3-1-scaled.jpg\" alt=\"3\" \/><\/figure><\/div>\t\t\t<\/div>\n\t\t\t\t\t\t\t\t\t\t\t\t<div class=\"elementor-swiper-button elementor-swiper-button-prev\" role=\"button\" tabindex=\"0\">\n\t\t\t\t\t\t<i aria-hidden=\"true\" class=\"eicon-chevron-left\"><\/i>\t\t\t\t\t<\/div>\n\t\t\t\t\t<div class=\"elementor-swiper-button elementor-swiper-button-next\" role=\"button\" tabindex=\"0\">\n\t\t\t\t\t\t<i aria-hidden=\"true\" class=\"eicon-chevron-right\"><\/i>\t\t\t\t\t<\/div>\n\t\t\t\t\n\t\t\t\t\t\t\t\t\t<div class=\"swiper-pagination\"><\/div>\n\t\t\t\t\t\t\t\t\t<\/div>\n\t\t\t\t\t\t<\/div>\n\t\t\t\t<\/div>\n\t\t\t\t\t<\/div>\n\t\t<\/div>\n\t\t\t\t\t<\/div>\n\t\t<\/section>\n\t\t\t\t<\/div>\n\t\t","protected":false},"excerpt":{"rendered":"<p>Sistemas de packers fabricados Adem\u00e1s de las herramientas de packers hidr\u00e1ulicas de altas prestaciones fabricadas por nuestra matriz en Australia, ver (www.ipipackers.com), IPI Latin America distribuye sistemas de packers fabricados a base de rollos de caucho reforzado tipo \u201dBimbar\u201d para usos de inyecci\u00f3n de lechada de cementas o resinas, ensayos de permeabilidad de roca, tapones [&hellip;]<\/p>\n","protected":false},"author":1,"featured_media":0,"parent":0,"menu_order":0,"comment_status":"closed","ping_status":"closed","template":"","meta":{"footnotes":""},"class_list":["post-1970","page","type-page","status-publish","hentry"],"_links":{"self":[{"href":"https:\/\/packers.cl\/index.php\/wp-json\/wp\/v2\/pages\/1970","targetHints":{"allow":["GET"]}}],"collection":[{"href":"https:\/\/packers.cl\/index.php\/wp-json\/wp\/v2\/pages"}],"about":[{"href":"https:\/\/packers.cl\/index.php\/wp-json\/wp\/v2\/types\/page"}],"author":[{"embeddable":true,"href":"https:\/\/packers.cl\/index.php\/wp-json\/wp\/v2\/users\/1"}],"replies":[{"embeddable":true,"href":"https:\/\/packers.cl\/index.php\/wp-json\/wp\/v2\/comments?post=1970"}],"version-history":[{"count":18,"href":"https:\/\/packers.cl\/index.php\/wp-json\/wp\/v2\/pages\/1970\/revisions"}],"predecessor-version":[{"id":2274,"href":"https:\/\/packers.cl\/index.php\/wp-json\/wp\/v2\/pages\/1970\/revisions\/2274"}],"wp:attachment":[{"href":"https:\/\/packers.cl\/index.php\/wp-json\/wp\/v2\/media?parent=1970"}],"curies":[{"name":"wp","href":"https:\/\/api.w.org\/{rel}","templated":true}]}}